{"id":1120,"date":"2021-07-18T14:17:37","date_gmt":"2021-07-18T12:17:37","guid":{"rendered":"http:\/\/christianmalarciuc.com\/?page_id=1120"},"modified":"2026-04-03T18:42:43","modified_gmt":"2026-04-03T16:42:43","slug":"imprint","status":"publish","type":"page","link":"https:\/\/christianmalarciuc.com\/de\/imprint\/","title":{"rendered":"Impressum"},"content":{"rendered":"\n\n\n[et_pb_section fb_built=&#8221;1&#8243; _builder_version=&#8221;4.9.4&#8243; _module_preset=&#8221;default&#8221;][et_pb_row _builder_version=&#8221;4.9.4&#8243; _module_preset=&#8221;default&#8221;][et_pb_column _builder_version=&#8221;4.9.4&#8243; _module_preset=&#8221;default&#8221; type=&#8221;4_4&#8243;][et_pb_text _builder_version=&#8221;4.9.4&#8243; _module_preset=&#8221;default&#8221; hover_enabled=&#8221;0&#8243; sticky_enabled=&#8221;0&#8243;]<p>&nbsp;<\/p>\n<!-- divi:paragraph -->\n<p><strong>Impressum<\/strong><br \/>Angaben gem\u00e4\u00df \u00a7 5 TMG<\/p>\n<!-- \/divi:paragraph --><!-- divi:paragraph -->\n<p>christianmalarciuc.com<\/p>\n<p>&nbsp;<\/p>\n<p>Vertreten durch:<br \/>Christian Malarciuc<\/p>\n<!-- \/divi:paragraph --><!-- divi:paragraph -->\n<p><span style=\"text-decoration: underline;\">Kontakt<\/span><br \/>E-Mail: <a href=\"mailto:mail@christianmalarciuc.com\">mail@christianmalarciuc.com<\/a><\/p>\n<p>Neckarstra\u00dfe 18<br \/>40219, D\u00fcsseldorf<br \/>Deutschland<\/p>\n<!-- \/divi:paragraph --><!-- divi:paragraph -->\n<p><strong>EU-Streitschlichtung<\/strong><br \/>Die Europ\u00e4ische Kommission stellt eine Plattform zur Online-Streitbeilegung (OS) bereit:<br \/>https:\/\/ec.europa.eu\/consumers\/odr.<br \/>Unsere E-Mail-Adresse finden Sie oben im Impressum.<\/p>\n<p>&nbsp;<\/p>\n<!-- \/divi:paragraph --><!-- divi:paragraph -->\n<p><strong>Verbraucherstreitbeilegung\/Universalschlichtungsstelle<br \/><\/strong>Wir sind nicht bereit oder verpflichtet, an Streitbeilegungsverfahren vor einer Verbraucherschlichtungsstelle teilzunehmen.<\/p>\n<p>&nbsp;<\/p>\n<!-- \/divi:paragraph --><!-- divi:paragraph -->\n<p><strong>Haftung f\u00fcr Inhalte<br \/><\/strong>Als Diensteanbieter sind wir gem\u00e4\u00df \u00a7 7 Abs.1 TMG f\u00fcr eigene Inhalte auf diesen Seiten nach den allgemeinen Gesetzen verantwortlich. Nach \u00a7\u00a7 8 bis 10 TMG sind wir als Diensteanbieter jedoch nicht verpflichtet, \u00fcbermittelte oder gespeicherte fremde Informationen zu \u00fcberwachen oder nach Umst\u00e4nden zu forschen, die auf eine rechtswidrige T\u00e4tigkeit hinweisen.<br \/>Verpflichtungen zur Entfernung oder Sperrung der Nutzung von Informationen nach den allgemeinen Gesetzen bleiben hiervon unber\u00fchrt.<\/p>\n<p>&nbsp;<\/p>\n<p>Eine diesbez\u00fcgliche Haftung ist jedoch erst ab dem Zeitpunkt der Kenntnis einer konkreten Rechtsverletzung m\u00f6glich. Bei Bekanntwerden von entsprechenden Rechtsverletzungen werden wir diese Inhalte umgehend entfernen.<\/p>\n<p><strong>Haftung f\u00fcr Links<\/strong><br \/>Unser Angebot enth\u00e4lt Links zu externen Websites Dritter, auf deren Inhalte wir keinen Einfluss haben.<br \/>Deshalb k\u00f6nnen wir f\u00fcr diese fremden Inhalte auch keine Gew\u00e4hr \u00fcbernehmen. F\u00fcr die Inhalte der verlinkten Seiten ist stets der jeweilige Anbieter oder Betreiber der Seiten verantwortlich. Die verlinkten Seiten wurden zum Zeitpunkt der Verlinkung auf m\u00f6gliche Rechtsverst\u00f6\u00dfe \u00fcberpr\u00fcft. Rechtswidrige Inhalte waren zum Zeitpunkt der Verlinkung nicht erkennbar. Eine permanente inhaltliche Kontrolle der verlinkten Seiten ist jedoch ohne konkrete Anhaltspunkte einer Rechtsverletzung nicht zumutbar. Bei Bekanntwerden von Rechtsverletzungen werden wir derartige Links umgehend entfernen.<\/p>\n<!-- \/divi:paragraph --><!-- divi:paragraph -->\n<p><strong>Urheberrecht<\/strong><br \/>Die durch die Seitenbetreiber erstellten Inhalte und Werke auf diesen Seiten unterliegen dem deutschen Urheberrecht. Die Vervielf\u00e4ltigung, Bearbeitung, Verbreitung und jede Art der Verwertung au\u00dferhalb der Grenzen des Urheberrechtes bed\u00fcrfen der schriftlichen Zustimmung des jeweiligen Autors bzw. Erstellers. Downloads und Kopien dieser Seite sind nur f\u00fcr den privaten, nicht kommerziellen Gebrauch gestattet. Soweit die Inhalte auf dieser Seite nicht vom Betreiber erstellt wurden, werden die Urheberrechte Dritter beachtet. Insbesondere werden Inhalte Dritter als solche gekennzeichnet. Sollten Sie trotzdem auf eine Urheberrechtsverletzung aufmerksam werden, bitten wir um einen entsprechenden Hinweis. Bei Bekanntwerden von Rechtsverletzungen werden wir derartige Inhalte umgehend entfernen.<\/p>\n<p>&nbsp;<\/p>\n<p><span style=\"text-decoration: underline;\"><strong><\/strong><\/span><\/p>\n<h4><strong>English Version<\/strong><\/h4>\n<p>Information according to \u00a7 5 TMG<\/p>\n<p>christianmalarciuc.com<\/p>\n<p>Represented by:<br \/>Christian Malarciuc<\/p>\n<p><span style=\"text-decoration: underline;\">Contact<\/span><\/p>\n<p><a href=\"mailto:mail@christianmalarciuc.com\">mail@christianmalarciuc.com<\/a><\/p>\n<p>Neckarstra\u00dfe 18<br \/>40219, D\u00fcsseldorf<br \/>Germany<\/p>\n<p><strong>EU Dispute Resolution<\/strong><br \/>The European Commission provides an Online Dispute Resolution (OS) platform:<br \/>https:\/\/ec.europa.eu\/consumers\/odr.<br \/>You will find our e-mail address at the top of the imprint.<\/p>\n<p><strong>Consumer dispute resolution\/Universal Arbitration Body<\/strong><br \/>We are not willing or obliged to participate in dispute resolution proceedings before a consumer arbitration board.<\/p>\n<p><strong>Liability for contents<\/strong><br \/>As a service provider, we are responsible for our own content on these pages according to \u00a7 7 para.1 TMG (German Telemedia Act) and general laws. According to \u00a7\u00a7 8 to 10 TMG we are not obliged to monitor transmitted or stored information from third parties or to investigate circumstances that indicate illegal activity.<br \/>Obligations to remove or block the use of information according to general laws remain unaffected by this. However, liability in this respect is only possible from the time of knowledge of a concrete infringement. If we become aware of any such legal infringements, we will remove the content in question immediately.<\/p>\n<p><strong>Liability for links<\/strong><br \/>Our offer contains links to external websites of third parties, on whose contents we have no influence.<br \/>Therefore we cannot assume any liability for these external contents. The respective provider or operator of the sites is always responsible for the contents of the linked sites. The linked pages were checked for possible legal violations at the time of linking. Illegal contents were not identified at the time of linking. However, a permanent control of the contents of the linked pages is not reasonable without concrete evidence of a violation of the law. If we become aware of any infringements, we will remove such links immediately.<\/p>\n<p><strong>Copyright<\/strong><br \/>The contents and works on these pages created by the site operators are subject to German copyright law. The reproduction, editing, distribution and any kind of use outside the limits of copyright law require the written consent of the respective author or creator. Downloads and copies of these pages are only permitted for private, non-commercial use. Insofar as the content on this site was not created by the operator, the copyrights of third parties are observed. In particular, third-party content is identified as such. Should you nevertheless become aware of a copyright infringement, please inform us accordingly. If we become aware of any infringements, we will remove such contents immediately.<\/p>\n<p>&nbsp;<\/p>[\/et_pb_text][\/et_pb_column][\/et_pb_row][\/et_pb_section]\n\n\n","protected":false},"excerpt":{"rendered":"<p>&nbsp; ImpressumAngaben gem\u00e4\u00df \u00a7 5 TMG christianmalarciuc.com &nbsp; Vertreten durch:Christian Malarciuc KontaktE-Mail: mail@christianmalarciuc.com Neckarstra\u00dfe 1840219, D\u00fcsseldorfDeutschland EU-StreitschlichtungDie Europ\u00e4ische Kommission stellt eine Plattform zur Online-Streitbeilegung (OS) bereit:https:\/\/ec.europa.eu\/consumers\/odr.Unsere E-Mail-Adresse finden Sie oben im Impressum. &nbsp; Verbraucherstreitbeilegung\/UniversalschlichtungsstelleWir sind nicht bereit oder verpflichtet, an Streitbeilegungsverfahren vor einer Verbraucherschlichtungsstelle teilzunehmen. &nbsp; Haftung f\u00fcr InhalteAls Diensteanbieter sind wir gem\u00e4\u00df \u00a7 7 [&hellip;]<\/p>\n","protected":false},"author":1,"featured_media":0,"parent":0,"menu_order":19,"comment_status":"closed","ping_status":"closed","template":"","meta":{"_et_pb_use_builder":"on","_et_pb_old_content":"","_et_gb_content_width":"","footnotes":""},"class_list":["post-1120","page","type-page","status-publish","hentry"],"yoast_head":"<!-- This site is optimized with the Yoast SEO plugin v27.3 - https:\/\/yoast.com\/product\/yoast-seo-wordpress\/ -->\n<title>Imprint - christianmalarciuc.com<\/title>\n<meta name=\"robots\" content=\"index, follow, max-snippet:-1, max-image-preview:large, max-video-preview:-1\" \/>\n<link rel=\"canonical\" href=\"https:\/\/christianmalarciuc.com\/de\/imprint\/\" \/>\n<meta property=\"og:locale\" content=\"de_DE\" \/>\n<meta property=\"og:type\" content=\"article\" \/>\n<meta property=\"og:title\" content=\"Imprint - christianmalarciuc.com\" \/>\n<meta property=\"og:description\" content=\"&nbsp; ImpressumAngaben gem\u00e4\u00df \u00a7 5 TMG christianmalarciuc.com &nbsp; Vertreten durch:Christian Malarciuc KontaktE-Mail: mail@christianmalarciuc.com Neckarstra\u00dfe 1840219, D\u00fcsseldorfDeutschland EU-StreitschlichtungDie Europ\u00e4ische Kommission stellt eine Plattform zur Online-Streitbeilegung (OS) bereit:https:\/\/ec.europa.eu\/consumers\/odr.Unsere E-Mail-Adresse finden Sie oben im Impressum. &nbsp; Verbraucherstreitbeilegung\/UniversalschlichtungsstelleWir sind nicht bereit oder verpflichtet, an Streitbeilegungsverfahren vor einer Verbraucherschlichtungsstelle teilzunehmen. &nbsp; Haftung f\u00fcr InhalteAls Diensteanbieter sind wir gem\u00e4\u00df \u00a7 7 [&hellip;]\" \/>\n<meta property=\"og:url\" content=\"https:\/\/christianmalarciuc.com\/de\/imprint\/\" \/>\n<meta property=\"og:site_name\" content=\"christianmalarciuc.com\" \/>\n<meta property=\"article:modified_time\" content=\"2026-04-03T16:42:43+00:00\" \/>\n<meta name=\"twitter:card\" content=\"summary_large_image\" \/>\n<meta name=\"twitter:label1\" content=\"Gesch\u00e4tzte Lesezeit\" \/>\n\t<meta name=\"twitter:data1\" content=\"4\u00a0Minuten\" \/>\n<script type=\"application\/ld+json\" class=\"yoast-schema-graph\">{\"@context\":\"https:\\\/\\\/schema.org\",\"@graph\":[{\"@type\":\"WebPage\",\"@id\":\"https:\\\/\\\/christianmalarciuc.com\\\/imprint\\\/\",\"url\":\"https:\\\/\\\/christianmalarciuc.com\\\/imprint\\\/\",\"name\":\"Imprint - christianmalarciuc.com\",\"isPartOf\":{\"@id\":\"https:\\\/\\\/christianmalarciuc.com\\\/#website\"},\"datePublished\":\"2021-07-18T12:17:37+00:00\",\"dateModified\":\"2026-04-03T16:42:43+00:00\",\"breadcrumb\":{\"@id\":\"https:\\\/\\\/christianmalarciuc.com\\\/imprint\\\/#breadcrumb\"},\"inLanguage\":\"de\",\"potentialAction\":[{\"@type\":\"ReadAction\",\"target\":[\"https:\\\/\\\/christianmalarciuc.com\\\/imprint\\\/\"]}]},{\"@type\":\"BreadcrumbList\",\"@id\":\"https:\\\/\\\/christianmalarciuc.com\\\/imprint\\\/#breadcrumb\",\"itemListElement\":[{\"@type\":\"ListItem\",\"position\":1,\"name\":\"Home\",\"item\":\"https:\\\/\\\/christianmalarciuc.com\\\/\"},{\"@type\":\"ListItem\",\"position\":2,\"name\":\"Imprint\"}]},{\"@type\":\"WebSite\",\"@id\":\"https:\\\/\\\/christianmalarciuc.com\\\/#website\",\"url\":\"https:\\\/\\\/christianmalarciuc.com\\\/\",\"name\":\"christianmalarciuc.com\",\"description\":\"Purpose &amp; Mindfulness Coaching\",\"potentialAction\":[{\"@type\":\"SearchAction\",\"target\":{\"@type\":\"EntryPoint\",\"urlTemplate\":\"https:\\\/\\\/christianmalarciuc.com\\\/?s={search_term_string}\"},\"query-input\":{\"@type\":\"PropertyValueSpecification\",\"valueRequired\":true,\"valueName\":\"search_term_string\"}}],\"inLanguage\":\"de\"}]}<\/script>\n<!-- \/ Yoast SEO plugin. -->","yoast_head_json":{"title":"Imprint - christianmalarciuc.com","robots":{"index":"index","follow":"follow","max-snippet":"max-snippet:-1","max-image-preview":"max-image-preview:large","max-video-preview":"max-video-preview:-1"},"canonical":"https:\/\/christianmalarciuc.com\/de\/imprint\/","og_locale":"de_DE","og_type":"article","og_title":"Imprint - christianmalarciuc.com","og_description":"&nbsp; ImpressumAngaben gem\u00e4\u00df \u00a7 5 TMG christianmalarciuc.com &nbsp; Vertreten durch:Christian Malarciuc KontaktE-Mail: mail@christianmalarciuc.com Neckarstra\u00dfe 1840219, D\u00fcsseldorfDeutschland EU-StreitschlichtungDie Europ\u00e4ische Kommission stellt eine Plattform zur Online-Streitbeilegung (OS) bereit:https:\/\/ec.europa.eu\/consumers\/odr.Unsere E-Mail-Adresse finden Sie oben im Impressum. &nbsp; Verbraucherstreitbeilegung\/UniversalschlichtungsstelleWir sind nicht bereit oder verpflichtet, an Streitbeilegungsverfahren vor einer Verbraucherschlichtungsstelle teilzunehmen. &nbsp; Haftung f\u00fcr InhalteAls Diensteanbieter sind wir gem\u00e4\u00df \u00a7 7 [&hellip;]","og_url":"https:\/\/christianmalarciuc.com\/de\/imprint\/","og_site_name":"christianmalarciuc.com","article_modified_time":"2026-04-03T16:42:43+00:00","twitter_card":"summary_large_image","twitter_misc":{"Gesch\u00e4tzte Lesezeit":"4\u00a0Minuten"},"schema":{"@context":"https:\/\/schema.org","@graph":[{"@type":"WebPage","@id":"https:\/\/christianmalarciuc.com\/imprint\/","url":"https:\/\/christianmalarciuc.com\/imprint\/","name":"Imprint - christianmalarciuc.com","isPartOf":{"@id":"https:\/\/christianmalarciuc.com\/#website"},"datePublished":"2021-07-18T12:17:37+00:00","dateModified":"2026-04-03T16:42:43+00:00","breadcrumb":{"@id":"https:\/\/christianmalarciuc.com\/imprint\/#breadcrumb"},"inLanguage":"de","potentialAction":[{"@type":"ReadAction","target":["https:\/\/christianmalarciuc.com\/imprint\/"]}]},{"@type":"BreadcrumbList","@id":"https:\/\/christianmalarciuc.com\/imprint\/#breadcrumb","itemListElement":[{"@type":"ListItem","position":1,"name":"Home","item":"https:\/\/christianmalarciuc.com\/"},{"@type":"ListItem","position":2,"name":"Imprint"}]},{"@type":"WebSite","@id":"https:\/\/christianmalarciuc.com\/#website","url":"https:\/\/christianmalarciuc.com\/","name":"christianmalarciuc.com","description":"Purpose &amp; Mindfulness Coaching","potentialAction":[{"@type":"SearchAction","target":{"@type":"EntryPoint","urlTemplate":"https:\/\/christianmalarciuc.com\/?s={search_term_string}"},"query-input":{"@type":"PropertyValueSpecification","valueRequired":true,"valueName":"search_term_string"}}],"inLanguage":"de"}]}},"_links":{"self":[{"href":"https:\/\/christianmalarciuc.com\/de\/wp-json\/wp\/v2\/pages\/1120","targetHints":{"allow":["GET"]}}],"collection":[{"href":"https:\/\/christianmalarciuc.com\/de\/wp-json\/wp\/v2\/pages"}],"about":[{"href":"https:\/\/christianmalarciuc.com\/de\/wp-json\/wp\/v2\/types\/page"}],"author":[{"embeddable":true,"href":"https:\/\/christianmalarciuc.com\/de\/wp-json\/wp\/v2\/users\/1"}],"replies":[{"embeddable":true,"href":"https:\/\/christianmalarciuc.com\/de\/wp-json\/wp\/v2\/comments?post=1120"}],"version-history":[{"count":9,"href":"https:\/\/christianmalarciuc.com\/de\/wp-json\/wp\/v2\/pages\/1120\/revisions"}],"predecessor-version":[{"id":6929,"href":"https:\/\/christianmalarciuc.com\/de\/wp-json\/wp\/v2\/pages\/1120\/revisions\/6929"}],"wp:attachment":[{"href":"https:\/\/christianmalarciuc.com\/de\/wp-json\/wp\/v2\/media?parent=1120"}],"curies":[{"name":"wp","href":"https:\/\/api.w.org\/{rel}","templated":true}]}}